{"id":240,"date":"2024-05-15T15:47:04","date_gmt":"2024-05-15T13:47:04","guid":{"rendered":"https:\/\/novelahistoricaportugalete.es\/autores\/"},"modified":"2025-10-21T11:00:29","modified_gmt":"2025-10-21T09:00:29","slug":"egileak","status":"publish","type":"page","link":"https:\/\/novelahistoricaportugalete.es\/eu\/egileak\/","title":{"rendered":"Egileak"},"content":{"rendered":"\n\n  <div class=\"banner has-hover\" id=\"banner-1063292282\">\n          <div class=\"banner-inner fill\">\n        <div class=\"banner-bg fill\" >\n            <div class=\"bg fill bg-fill \"><\/div>\n                        <div class=\"overlay\"><\/div>            \n                    <\/div>\n\t\t\n        <div class=\"banner-layers container\">\n            <div class=\"fill banner-link\"><\/div>            \n\n   <div id=\"text-box-1451457348\" class=\"text-box banner-layer x5 md-x5 lg-x5 y50 md-y50 lg-y50 res-text\">\n                                <div class=\"text-box-content text dark\">\n              \n              <div class=\"text-inner text-left\">\n                  \n\n<h2 class=\"uppercase\"><strong>Parte-hartzaileak\u00a0<\/strong><\/h2>\n<p><span style=\"font-weight: 400;\">Hementxe Portugaleteko Eleberri Historikoaren Jardunaldien edizio bakoitzeko egile gonbidatuak ezagutzeko aukera izango duzu.<\/span><\/p>\n<a href=\"https:\/\/novelahistoricaportugalete.es\/wp-content\/uploads\/2025\/10\/2025-Jornadas-novela-historica-Portugalete_programa_web.pdf\" target=\"_blank\" class=\"button primary is-outline\" rel=\"noopener\"  >\n  <i class=\"icon-play\" aria-hidden=\"true\" ><\/i>  <span>JAITSI EUSKARAZ<\/span>\n  <\/a>\n\n\n\n              <\/div>\n           <\/div>\n                            \n<style>\n#text-box-1451457348 {\n  width: 60%;\n}\n#text-box-1451457348 .text-box-content {\n  font-size: 100%;\n}\n@media (min-width:550px) {\n  #text-box-1451457348 {\n    width: 50%;\n  }\n}\n<\/style>\n    <\/div>\n \n\n        <\/div>\n      <\/div>\n\n            \n<style>\n#banner-1063292282 {\n  padding-top: 400px;\n}\n#banner-1063292282 .bg.bg-loaded {\n  background-image: url(https:\/\/novelahistoricaportugalete.es\/wp-content\/uploads\/2024\/05\/high-angle-shot-quill-pen-old-book-covered-with-dried-flower-petals-1024x683.jpg);\n}\n#banner-1063292282 .overlay {\n  background-color: rgba(0, 0, 0, 0.506);\n}\n<\/style>\n  <\/div>\n\n\n\t<section class=\"section\" id=\"section_1343798300\">\n\t\t<div class=\"bg section-bg fill bg-fill  bg-loaded\" >\n\n\t\t\t\n\t\t\t\n\t\t\t\n\n\t\t<\/div>\n\n\t\t\n\n\t\t<div class=\"section-content relative\">\n\t\t\t\n\n<div class=\"row\"  id=\"row-1309092909\">\n\n\n\t<div id=\"col-431724563\" class=\"col medium-4 small-12 large-4\"  >\n\t\t\t\t<div class=\"col-inner\"  >\n\t\t\t\n\t\t\t\n\n\t<div class=\"box has-hover   has-hover box-text-bottom\" >\n\n\t\t<div class=\"box-image\" >\n\t\t\t\t\t\t<div class=\"\" >\n\t\t\t\t<img loading=\"lazy\" decoding=\"async\" width=\"500\" height=\"500\" src=\"https:\/\/novelahistoricaportugalete.es\/wp-content\/uploads\/2025\/07\/luis-zueco.webp\" class=\"attachment- size-\" alt=\"\" srcset=\"https:\/\/novelahistoricaportugalete.es\/wp-content\/uploads\/2025\/07\/luis-zueco.webp 500w, https:\/\/novelahistoricaportugalete.es\/wp-content\/uploads\/2025\/07\/luis-zueco-300x300.webp 300w, https:\/\/novelahistoricaportugalete.es\/wp-content\/uploads\/2025\/07\/luis-zueco-150x150.webp 150w\" sizes=\"auto, (max-width: 500px) 100vw, 500px\" \/>\t\t\t\t\t\t\t\t\t\t\t<\/div>\n\t\t\t\t\t<\/div>\n\n\t\t<div class=\"box-text text-center\" >\n\t\t\t<div class=\"box-text-inner\">\n\t\t\t\t\n\n<h3>Luis Zueco<\/h3>\n<p>\u00abTierra sin rey\u00bb lanaren egilea<\/p>\n\n\t\t\t<\/div>\n\t\t<\/div>\n\t<\/div>\n\t\n\n\t\t<\/div>\n\t\t\t\t\t<\/div>\n\n\t\n\n\t<div id=\"col-146571863\" class=\"col medium-4 small-12 large-4\"  >\n\t\t\t\t<div class=\"col-inner\"  >\n\t\t\t\n\t\t\t\n\n\t<div class=\"box has-hover   has-hover box-text-bottom\" >\n\n\t\t<div class=\"box-image\" >\n\t\t\t\t\t\t<div class=\"\" >\n\t\t\t\t<img loading=\"lazy\" decoding=\"async\" width=\"900\" height=\"1014\" src=\"https:\/\/novelahistoricaportugalete.es\/wp-content\/uploads\/2025\/09\/LOPEZ-ROMAN-AUTOR.jpg.webp\" class=\"attachment- size-\" alt=\"\" srcset=\"https:\/\/novelahistoricaportugalete.es\/wp-content\/uploads\/2025\/09\/LOPEZ-ROMAN-AUTOR.jpg.webp 900w, https:\/\/novelahistoricaportugalete.es\/wp-content\/uploads\/2025\/09\/LOPEZ-ROMAN-AUTOR.jpg-266x300.webp 266w, https:\/\/novelahistoricaportugalete.es\/wp-content\/uploads\/2025\/09\/LOPEZ-ROMAN-AUTOR.jpg-768x865.webp 768w\" sizes=\"auto, (max-width: 900px) 100vw, 900px\" \/>\t\t\t\t\t\t\t\t\t\t\t<\/div>\n\t\t\t\t\t<\/div>\n\n\t\t<div class=\"box-text text-center\" >\n\t\t\t<div class=\"box-text-inner\">\n\t\t\t\t\n\n<h3>Luis Manuel L\u00f3pez Rom\u00e1n<\/h3>\n<p>\u201cTiberio Graco Tribuno de Roma\u201d lanaren egilea<\/p>\n\n\t\t\t<\/div>\n\t\t<\/div>\n\t<\/div>\n\t\n\n\t\t<\/div>\n\t\t\t\t\t<\/div>\n\n\t\n\n\t<div id=\"col-1724297298\" class=\"col medium-4 small-12 large-4\"  >\n\t\t\t\t<div class=\"col-inner\"  >\n\t\t\t\n\t\t\t\n\n\t<div class=\"box has-hover   has-hover box-text-bottom\" >\n\n\t\t<div class=\"box-image\" >\n\t\t\t\t\t\t<div class=\"\" >\n\t\t\t\t<img loading=\"lazy\" decoding=\"async\" width=\"1080\" height=\"1080\" src=\"https:\/\/novelahistoricaportugalete.es\/wp-content\/uploads\/2025\/09\/FB_IMG_1749460170897.jpg\" class=\"attachment- size-\" alt=\"\" srcset=\"https:\/\/novelahistoricaportugalete.es\/wp-content\/uploads\/2025\/09\/FB_IMG_1749460170897.jpg 1080w, https:\/\/novelahistoricaportugalete.es\/wp-content\/uploads\/2025\/09\/FB_IMG_1749460170897-300x300.jpg 300w, https:\/\/novelahistoricaportugalete.es\/wp-content\/uploads\/2025\/09\/FB_IMG_1749460170897-1024x1024.jpg 1024w, https:\/\/novelahistoricaportugalete.es\/wp-content\/uploads\/2025\/09\/FB_IMG_1749460170897-150x150.jpg 150w, https:\/\/novelahistoricaportugalete.es\/wp-content\/uploads\/2025\/09\/FB_IMG_1749460170897-768x768.jpg 768w\" sizes=\"auto, (max-width: 1080px) 100vw, 1080px\" \/>\t\t\t\t\t\t\t\t\t\t\t<\/div>\n\t\t\t\t\t<\/div>\n\n\t\t<div class=\"box-text text-center\" >\n\t\t\t<div class=\"box-text-inner\">\n\t\t\t\t\n\n<h3>Pilar S\u00e1nchez Vicente<\/h3>\n<p>\u201cEl cantar del norte\u201d lanaren egilea<\/p>\n\n\t\t\t<\/div>\n\t\t<\/div>\n\t<\/div>\n\t\n\n\t\t<\/div>\n\t\t\t\t\t<\/div>\n\n\t\n\n\t<div id=\"col-1854566822\" class=\"col medium-4 small-12 large-4\"  >\n\t\t\t\t<div class=\"col-inner\"  >\n\t\t\t\n\t\t\t\n\n\t<div class=\"box has-hover   has-hover box-text-bottom\" >\n\n\t\t<div class=\"box-image\" >\n\t\t\t\t\t\t<div class=\"\" >\n\t\t\t\t<img loading=\"lazy\" decoding=\"async\" width=\"550\" height=\"488\" src=\"https:\/\/novelahistoricaportugalete.es\/wp-content\/uploads\/2025\/09\/Maria-Reig-1.png\" class=\"attachment- size-\" alt=\"\" srcset=\"https:\/\/novelahistoricaportugalete.es\/wp-content\/uploads\/2025\/09\/Maria-Reig-1.png 550w, https:\/\/novelahistoricaportugalete.es\/wp-content\/uploads\/2025\/09\/Maria-Reig-1-300x266.png 300w\" sizes=\"auto, (max-width: 550px) 100vw, 550px\" \/>\t\t\t\t\t\t\t\t\t\t\t<\/div>\n\t\t\t\t\t<\/div>\n\n\t\t<div class=\"box-text text-center\" >\n\t\t\t<div class=\"box-text-inner\">\n\t\t\t\t\n\n<h3>Mar\u00eda Reig<\/h3>\n<p>\u201cSon\u00f3 un viol\u00edn en Par\u00eds\u201d lanaren egilea<\/p>\n\n\t\t\t<\/div>\n\t\t<\/div>\n\t<\/div>\n\t\n\t<div class=\"box has-hover   has-hover box-text-bottom\" >\n\n\t\t<div class=\"box-image\" >\n\t\t\t\t\t\t<div class=\"\" >\n\t\t\t\t<img loading=\"lazy\" decoding=\"async\" width=\"500\" height=\"500\" src=\"https:\/\/novelahistoricaportugalete.es\/wp-content\/uploads\/2025\/09\/jorge-molist.webp\" class=\"attachment- size-\" alt=\"\" srcset=\"https:\/\/novelahistoricaportugalete.es\/wp-content\/uploads\/2025\/09\/jorge-molist.webp 500w, https:\/\/novelahistoricaportugalete.es\/wp-content\/uploads\/2025\/09\/jorge-molist-300x300.webp 300w, https:\/\/novelahistoricaportugalete.es\/wp-content\/uploads\/2025\/09\/jorge-molist-150x150.webp 150w\" sizes=\"auto, (max-width: 500px) 100vw, 500px\" \/>\t\t\t\t\t\t\t\t\t\t\t<\/div>\n\t\t\t\t\t<\/div>\n\n\t\t<div class=\"box-text text-center\" >\n\t\t\t<div class=\"box-text-inner\">\n\t\t\t\t\n\n<h3>Jorge Molist<\/h3>\n<p>\u201cEl espa\u00f1ol\u201d lanaren egilea<\/p>\n\n\t\t\t<\/div>\n\t\t<\/div>\n\t<\/div>\n\t\n\n\t\t<\/div>\n\t\t\t\t\t<\/div>\n\n\t\n\n\t<div id=\"col-903346238\" class=\"col medium-4 small-12 large-4\"  >\n\t\t\t\t<div class=\"col-inner\"  >\n\t\t\t\n\t\t\t\n\n\t<div class=\"box has-hover   has-hover box-text-bottom\" >\n\n\t\t<div class=\"box-image\" >\n\t\t\t\t\t\t<div class=\"\" >\n\t\t\t\t<img loading=\"lazy\" decoding=\"async\" width=\"960\" height=\"960\" src=\"https:\/\/novelahistoricaportugalete.es\/wp-content\/uploads\/2025\/09\/FB_IMG_1749460341382.jpg\" class=\"attachment- size-\" alt=\"\" srcset=\"https:\/\/novelahistoricaportugalete.es\/wp-content\/uploads\/2025\/09\/FB_IMG_1749460341382.jpg 960w, https:\/\/novelahistoricaportugalete.es\/wp-content\/uploads\/2025\/09\/FB_IMG_1749460341382-300x300.jpg 300w, https:\/\/novelahistoricaportugalete.es\/wp-content\/uploads\/2025\/09\/FB_IMG_1749460341382-150x150.jpg 150w, https:\/\/novelahistoricaportugalete.es\/wp-content\/uploads\/2025\/09\/FB_IMG_1749460341382-768x768.jpg 768w\" sizes=\"auto, (max-width: 960px) 100vw, 960px\" \/>\t\t\t\t\t\t\t\t\t\t\t<\/div>\n\t\t\t\t\t<\/div>\n\n\t\t<div class=\"box-text text-center\" >\n\t\t\t<div class=\"box-text-inner\">\n\t\t\t\t\n\n<h3>Jos\u00e9 Zoilo<\/h3>\n<p>\u201cHijos de la Luna\u201d lanaren egilea<\/p>\n\n\t\t\t<\/div>\n\t\t<\/div>\n\t<\/div>\n\t\n\n\t\t<\/div>\n\t\t\t\t\t<\/div>\n\n\t\n\n\t<div id=\"col-1253957597\" class=\"col medium-4 small-12 large-4\"  >\n\t\t\t\t<div class=\"col-inner\"  >\n\t\t\t\n\t\t\t\n\n\t<div class=\"box has-hover   has-hover box-text-bottom\" >\n\n\t\t<div class=\"box-image\" >\n\t\t\t\t\t\t<div class=\"\" >\n\t\t\t\t<img loading=\"lazy\" decoding=\"async\" width=\"1080\" height=\"1080\" src=\"https:\/\/novelahistoricaportugalete.es\/wp-content\/uploads\/2025\/09\/FB_IMG_1749460247480.jpg\" class=\"attachment- size-\" alt=\"\" srcset=\"https:\/\/novelahistoricaportugalete.es\/wp-content\/uploads\/2025\/09\/FB_IMG_1749460247480.jpg 1080w, https:\/\/novelahistoricaportugalete.es\/wp-content\/uploads\/2025\/09\/FB_IMG_1749460247480-300x300.jpg 300w, https:\/\/novelahistoricaportugalete.es\/wp-content\/uploads\/2025\/09\/FB_IMG_1749460247480-1024x1024.jpg 1024w, https:\/\/novelahistoricaportugalete.es\/wp-content\/uploads\/2025\/09\/FB_IMG_1749460247480-150x150.jpg 150w, https:\/\/novelahistoricaportugalete.es\/wp-content\/uploads\/2025\/09\/FB_IMG_1749460247480-768x768.jpg 768w\" sizes=\"auto, (max-width: 1080px) 100vw, 1080px\" \/>\t\t\t\t\t\t\t\t\t\t\t<\/div>\n\t\t\t\t\t<\/div>\n\n\t\t<div class=\"box-text text-center\" >\n\t\t\t<div class=\"box-text-inner\">\n\t\t\t\t\n\n<h3>Mario Vill\u00e9n<\/h3>\n<p>\u201cGarnata\u201d lanaren egilea<\/p>\n\n\t\t\t<\/div>\n\t\t<\/div>\n\t<\/div>\n\t\n\n\t\t<\/div>\n\t\t\t\t\t<\/div>\n\n\t\n\n\t<div id=\"col-457736005\" class=\"col medium-4 small-12 large-4\"  >\n\t\t\t\t<div class=\"col-inner\"  >\n\t\t\t\n\t\t\t\n\n\n\t\t<\/div>\n\t\t\t\t\t<\/div>\n\n\t\n\n\t<div id=\"col-1403014785\" class=\"col medium-4 small-12 large-4\"  >\n\t\t\t\t<div class=\"col-inner\"  >\n\t\t\t\n\t\t\t\n\n\n\t\t<\/div>\n\t\t\t\t\t<\/div>\n\n\t\n\n\t<div id=\"col-692867387\" class=\"col medium-4 small-12 large-4\"  >\n\t\t\t\t<div class=\"col-inner\"  >\n\t\t\t\n\t\t\t\n\n\n\t\t<\/div>\n\t\t\t\t\t<\/div>\n\n\t\n\n\t<div id=\"col-317535315\" class=\"col medium-4 small-12 large-4\"  >\n\t\t\t\t<div class=\"col-inner\"  >\n\t\t\t\n\t\t\t\n\n\n\t\t<\/div>\n\t\t\t\t\t<\/div>\n\n\t\n\n\t<div id=\"col-1957523634\" class=\"col medium-4 small-12 large-4\"  >\n\t\t\t\t<div class=\"col-inner\"  >\n\t\t\t\n\t\t\t\n\n\n\t\t<\/div>\n\t\t\t\t\t<\/div>\n\n\t\n\n<\/div>\n\n\t\t<\/div>\n\n\t\t\n<style>\n#section_1343798300 {\n  padding-top: 80px;\n  padding-bottom: 80px;\n}\n<\/style>\n\t<\/section>\n\t\n\n  <div class=\"banner has-hover\" id=\"banner-1744657198\">\n          <div class=\"banner-inner fill\">\n        <div class=\"banner-bg fill\" >\n            <div class=\"bg fill bg-fill \"><\/div>\n                        <div class=\"overlay\"><\/div>            \n                    <\/div>\n\t\t\n        <div class=\"banner-layers container\">\n            <div class=\"fill banner-link\"><\/div>            \n\n   <div id=\"text-box-1550836152\" class=\"text-box banner-layer x5 md-x5 lg-x5 y50 md-y50 lg-y50 res-text\">\n                                <div class=\"text-box-content text box-shadow-3 dark\">\n              \n              <div class=\"text-inner text-center\">\n                  \n\n<h2 class=\"uppercase\">JARRI GUREKIN HARREMANETAN<\/h2>\n<p><span style=\"font-weight: 400;\">Zalantzarik edo bestelako ideiarik baduzu, atsegin handiz atendituko zaitugu.<\/span><\/p>\n<a href=\"https:\/\/novelahistoricaportugalete.es\/eu\/solaskidea\/\" class=\"button white is-outline\"  >\n    <span>JARRI HARREMANETAN GUREKIN<\/span>\n  <\/a>\n\n\n\n              <\/div>\n           <\/div>\n                            \n<style>\n#text-box-1550836152 .text-box-content {\n  background-color: rgba(0, 0, 0, 0.86);\n  font-size: 100%;\n}\n#text-box-1550836152 .text-inner {\n  padding: 30px 30px 30px 30px;\n}\n#text-box-1550836152 {\n  width: 60%;\n}\n@media (min-width:550px) {\n  #text-box-1550836152 {\n    width: 40%;\n  }\n}\n<\/style>\n    <\/div>\n \n\n        <\/div>\n      <\/div>\n\n            \n<style>\n#banner-1744657198 {\n  padding-top: 500px;\n}\n#banner-1744657198 .bg.bg-loaded {\n  background-image: url(https:\/\/novelahistoricaportugalete.es\/wp-content\/uploads\/2024\/05\/high-angle-shot-quill-pen-old-book-covered-with-dried-flower-petals-2048x1365.jpg);\n}\n#banner-1744657198 .overlay {\n  background-color: rgba(0, 0, 0, 0.256);\n}\n#banner-1744657198 .bg {\n  background-position: 45% 42%;\n}\n<\/style>\n  <\/div>\n\n\n\n\t<section class=\"section\" id=\"section_350575814\">\n\t\t<div class=\"bg section-bg fill bg-fill  bg-loaded\" >\n\n\t\t\t\n\t\t\t\n\t\t\t\n\n\t\t<\/div>\n\n\t\t\n\n\t\t<div class=\"section-content relative\">\n\t\t\t\n\n<div class=\"container section-title-container\" ><h3 class=\"section-title section-title-normal\"><b><\/b><span class=\"section-title-main\" >ANTOLATZAILEAK<\/span><b><\/b><\/h3><\/div>\n\n<div class=\"row\"  id=\"row-155151506\">\n\n\n\t<div id=\"col-1630115946\" class=\"col medium-3 small-6 large-3\"  >\n\t\t\t\t<div class=\"col-inner text-center\"  >\n\t\t\t\n\t\t\t\n\n\t<div class=\"img has-hover x md-x lg-x y md-y lg-y\" id=\"image_378771260\">\n\t\t\t\t\t\t\t\t<div class=\"img-inner dark\" >\n\t\t\t<img loading=\"lazy\" decoding=\"async\" width=\"426\" height=\"180\" src=\"https:\/\/novelahistoricaportugalete.es\/wp-content\/uploads\/2024\/05\/ayuntamiento-portugalete.jpg\" class=\"attachment-large size-large\" alt=\"\" srcset=\"https:\/\/novelahistoricaportugalete.es\/wp-content\/uploads\/2024\/05\/ayuntamiento-portugalete.jpg 426w, https:\/\/novelahistoricaportugalete.es\/wp-content\/uploads\/2024\/05\/ayuntamiento-portugalete-300x127.jpg 300w\" sizes=\"auto, (max-width: 426px) 100vw, 426px\" \/>\t\t\t\t\t\t\n\t\t\t\t\t<\/div>\n\t\t\t\t\t\t\t\t\n<style>\n#image_378771260 {\n  width: 100%;\n}\n<\/style>\n\t<\/div>\n\t\n\n\n\t\t<\/div>\n\t\t\t\t\t<\/div>\n\n\t\n\n\t<div id=\"col-575632578\" class=\"col medium-3 small-6 large-3\"  >\n\t\t\t\t<div class=\"col-inner text-center\"  >\n\t\t\t\n\t\t\t\n\n\t<div class=\"img has-hover x md-x lg-x y md-y lg-y\" id=\"image_1093415761\">\n\t\t\t\t\t\t\t\t<div class=\"img-inner dark\" >\n\t\t\t<img loading=\"lazy\" decoding=\"async\" width=\"920\" height=\"1024\" src=\"https:\/\/novelahistoricaportugalete.es\/wp-content\/uploads\/2024\/05\/novela-historica-portugalete-920x1024.jpg\" class=\"attachment-large size-large\" alt=\"\" srcset=\"https:\/\/novelahistoricaportugalete.es\/wp-content\/uploads\/2024\/05\/novela-historica-portugalete-920x1024.jpg 920w, https:\/\/novelahistoricaportugalete.es\/wp-content\/uploads\/2024\/05\/novela-historica-portugalete-270x300.jpg 270w, https:\/\/novelahistoricaportugalete.es\/wp-content\/uploads\/2024\/05\/novela-historica-portugalete-768x855.jpg 768w, https:\/\/novelahistoricaportugalete.es\/wp-content\/uploads\/2024\/05\/novela-historica-portugalete-1380x1536.jpg 1380w, https:\/\/novelahistoricaportugalete.es\/wp-content\/uploads\/2024\/05\/novela-historica-portugalete-1840x2048.jpg 1840w\" sizes=\"auto, (max-width: 920px) 100vw, 920px\" \/>\t\t\t\t\t\t\n\t\t\t\t\t<\/div>\n\t\t\t\t\t\t\t\t\n<style>\n#image_1093415761 {\n  width: 43%;\n}\n<\/style>\n\t<\/div>\n\t\n\n\n\t\t<\/div>\n\t\t\t\t\t<\/div>\n\n\t\n\n<\/div>\n\n\t\t<\/div>\n\n\t\t\n<style>\n#section_350575814 {\n  padding-top: 30px;\n  padding-bottom: 30px;\n}\n<\/style>\n\t<\/section>\n\t\n\t<section class=\"section\" id=\"section_411253225\">\n\t\t<div class=\"bg section-bg fill bg-fill  bg-loaded\" >\n\n\t\t\t\n\t\t\t\n\t\t\t\n\n\t\t<\/div>\n\n\t\t\n\n\t\t<div class=\"section-content relative\">\n\t\t\t\n\n<div class=\"container section-title-container\" ><h3 class=\"section-title section-title-normal\"><b><\/b><span class=\"section-title-main\" >BABESLEAK<\/span><b><\/b><\/h3><\/div>\n\n<div class=\"row\"  id=\"row-1835490220\">\n\n\n\t<div id=\"col-654187862\" class=\"col medium-3 small-6 large-3\"  >\n\t\t\t\t<div class=\"col-inner text-center\"  >\n\t\t\t\n\t\t\t\n\n\t<div class=\"img has-hover x md-x lg-x y md-y lg-y\" id=\"image_1093012541\">\n\t\t\t\t\t\t\t\t<div class=\"img-inner dark\" >\n\t\t\t<img loading=\"lazy\" decoding=\"async\" width=\"426\" height=\"180\" src=\"https:\/\/novelahistoricaportugalete.es\/wp-content\/uploads\/2024\/05\/ayuntamiento-portugalete.jpg\" class=\"attachment-large size-large\" alt=\"\" srcset=\"https:\/\/novelahistoricaportugalete.es\/wp-content\/uploads\/2024\/05\/ayuntamiento-portugalete.jpg 426w, https:\/\/novelahistoricaportugalete.es\/wp-content\/uploads\/2024\/05\/ayuntamiento-portugalete-300x127.jpg 300w\" sizes=\"auto, (max-width: 426px) 100vw, 426px\" \/>\t\t\t\t\t\t\n\t\t\t\t\t<\/div>\n\t\t\t\t\t\t\t\t\n<style>\n#image_1093012541 {\n  width: 100%;\n}\n<\/style>\n\t<\/div>\n\t\n\n\n\t\t<\/div>\n\t\t\t\t\t<\/div>\n\n\t\n\n\t<div id=\"col-1080393663\" class=\"col medium-3 small-6 large-3\"  >\n\t\t\t\t<div class=\"col-inner\"  >\n\t\t\t\n\t\t\t\n\n\t<div class=\"img has-hover x md-x lg-x y md-y lg-y\" id=\"image_1490881738\">\n\t\t\t\t\t\t\t\t<div class=\"img-inner dark\" >\n\t\t\t<img loading=\"lazy\" decoding=\"async\" width=\"426\" height=\"180\" src=\"https:\/\/novelahistoricaportugalete.es\/wp-content\/uploads\/2024\/05\/enportugalete.jpg\" class=\"attachment-large size-large\" alt=\"\" srcset=\"https:\/\/novelahistoricaportugalete.es\/wp-content\/uploads\/2024\/05\/enportugalete.jpg 426w, https:\/\/novelahistoricaportugalete.es\/wp-content\/uploads\/2024\/05\/enportugalete-300x127.jpg 300w\" sizes=\"auto, (max-width: 426px) 100vw, 426px\" \/>\t\t\t\t\t\t\n\t\t\t\t\t<\/div>\n\t\t\t\t\t\t\t\t\n<style>\n#image_1490881738 {\n  width: 100%;\n}\n<\/style>\n\t<\/div>\n\t\n\n\n\t\t<\/div>\n\t\t\t\t\t<\/div>\n\n\t\n\n\t<div id=\"col-1351544278\" class=\"col medium-3 small-6 large-3\"  >\n\t\t\t\t<div class=\"col-inner text-center\"  >\n\t\t\t\n\t\t\t\n\n\t<div class=\"img has-hover x md-x lg-x y md-y lg-y\" id=\"image_815176793\">\n\t\t\t\t\t\t\t\t<div class=\"img-inner dark\" >\n\t\t\t<img loading=\"lazy\" decoding=\"async\" width=\"434\" height=\"246\" src=\"https:\/\/novelahistoricaportugalete.es\/wp-content\/uploads\/2024\/05\/kopiplan-1.jpg\" class=\"attachment-large size-large\" alt=\"\" srcset=\"https:\/\/novelahistoricaportugalete.es\/wp-content\/uploads\/2024\/05\/kopiplan-1.jpg 434w, https:\/\/novelahistoricaportugalete.es\/wp-content\/uploads\/2024\/05\/kopiplan-1-300x170.jpg 300w\" sizes=\"auto, (max-width: 434px) 100vw, 434px\" \/>\t\t\t\t\t\t\n\t\t\t\t\t<\/div>\n\t\t\t\t\t\t\t\t\n<style>\n#image_815176793 {\n  width: 77%;\n}\n<\/style>\n\t<\/div>\n\t\n\n\n\t\t<\/div>\n\t\t\t\t\t<\/div>\n\n\t\n\n\t<div id=\"col-856578944\" class=\"col medium-3 small-6 large-3\"  >\n\t\t\t\t<div class=\"col-inner\"  >\n\t\t\t\n\t\t\t\n\n\t<div class=\"img has-hover x md-x lg-x y md-y lg-y\" id=\"image_1384936787\">\n\t\t\t\t\t\t\t\t<div class=\"img-inner dark\" >\n\t\t\t<img loading=\"lazy\" decoding=\"async\" width=\"426\" height=\"180\" src=\"https:\/\/novelahistoricaportugalete.es\/wp-content\/uploads\/2024\/05\/rubric.jpg\" class=\"attachment-large size-large\" alt=\"\" srcset=\"https:\/\/novelahistoricaportugalete.es\/wp-content\/uploads\/2024\/05\/rubric.jpg 426w, https:\/\/novelahistoricaportugalete.es\/wp-content\/uploads\/2024\/05\/rubric-300x127.jpg 300w\" sizes=\"auto, (max-width: 426px) 100vw, 426px\" \/>\t\t\t\t\t\t\n\t\t\t\t\t<\/div>\n\t\t\t\t\t\t\t\t\n<style>\n#image_1384936787 {\n  width: 100%;\n}\n<\/style>\n\t<\/div>\n\t\n\n\n\t\t<\/div>\n\t\t\t\t\t<\/div>\n\n\t\n\n<\/div>\n\n\t\t<\/div>\n\n\t\t\n<style>\n#section_411253225 {\n  padding-top: 30px;\n  padding-bottom: 30px;\n}\n<\/style>\n\t<\/section>\n\t\n\t<section class=\"section\" id=\"section_2090939247\">\n\t\t<div class=\"bg section-bg fill bg-fill  bg-loaded\" >\n\n\t\t\t\n\t\t\t\n\t\t\t\n\n\t\t<\/div>\n\n\t\t\n\n\t\t<div class=\"section-content relative\">\n\t\t\t\n\n<div class=\"container section-title-container\" ><h3 class=\"section-title section-title-normal\"><b><\/b><span class=\"section-title-main\" >LAGUNTZAILEAK<\/span><b><\/b><\/h3><\/div>\n\n<div class=\"row\"  id=\"row-2096807614\">\n\n\n\t<div id=\"col-340795640\" class=\"col medium-3 small-6 large-3\"  >\n\t\t\t\t<div class=\"col-inner\"  >\n\t\t\t\n\t\t\t\n\n\t<div class=\"img has-hover x md-x lg-x y md-y lg-y\" id=\"image_133835841\">\n\t\t\t\t\t\t\t\t<div class=\"img-inner dark\" >\n\t\t\t<img loading=\"lazy\" decoding=\"async\" width=\"426\" height=\"180\" src=\"https:\/\/novelahistoricaportugalete.es\/wp-content\/uploads\/2024\/05\/kultur-elkartea.jpg\" class=\"attachment-large size-large\" alt=\"\" srcset=\"https:\/\/novelahistoricaportugalete.es\/wp-content\/uploads\/2024\/05\/kultur-elkartea.jpg 426w, https:\/\/novelahistoricaportugalete.es\/wp-content\/uploads\/2024\/05\/kultur-elkartea-300x127.jpg 300w\" sizes=\"auto, (max-width: 426px) 100vw, 426px\" \/>\t\t\t\t\t\t\n\t\t\t\t\t<\/div>\n\t\t\t\t\t\t\t\t\n<style>\n#image_133835841 {\n  width: 100%;\n}\n<\/style>\n\t<\/div>\n\t\n\n\n\t\t<\/div>\n\t\t\t\t\t<\/div>\n\n\t\n\n\t<div id=\"col-1689617438\" class=\"col medium-4 small-12 large-4\"  >\n\t\t\t\t<div class=\"col-inner\"  >\n\t\t\t\n\t\t\t\n\n\t<div class=\"img has-hover x md-x lg-x y md-y lg-y\" id=\"image_2133986651\">\n\t\t\t\t\t\t\t\t<div class=\"img-inner dark\" >\n\t\t\t<img loading=\"lazy\" decoding=\"async\" width=\"426\" height=\"180\" src=\"https:\/\/novelahistoricaportugalete.es\/wp-content\/uploads\/2024\/05\/Bizkaiko-txakolina.jpg\" class=\"attachment-large size-large\" alt=\"\" srcset=\"https:\/\/novelahistoricaportugalete.es\/wp-content\/uploads\/2024\/05\/Bizkaiko-txakolina.jpg 426w, https:\/\/novelahistoricaportugalete.es\/wp-content\/uploads\/2024\/05\/Bizkaiko-txakolina-300x127.jpg 300w\" sizes=\"auto, (max-width: 426px) 100vw, 426px\" \/>\t\t\t\t\t\t\n\t\t\t\t\t<\/div>\n\t\t\t\t\t\t\t\t\n<style>\n#image_2133986651 {\n  width: 100%;\n}\n<\/style>\n\t<\/div>\n\t\n\n\n\t\t<\/div>\n\t\t\t\t\t<\/div>\n\n\t\n\n<\/div>\n\n\t\t<\/div>\n\n\t\t\n<style>\n#section_2090939247 {\n  padding-top: 30px;\n  padding-bottom: 30px;\n}\n<\/style>\n\t<\/section>\n\t\n\n\n","protected":false},"excerpt":{"rendered":"","protected":false},"author":1,"featured_media":215,"parent":0,"menu_order":0,"comment_status":"closed","ping_status":"closed","template":"page-blank.php","meta":{"footnotes":""},"class_list":["post-240","page","type-page","status-publish","has-post-thumbnail","hentry"],"_links":{"self":[{"href":"https:\/\/novelahistoricaportugalete.es\/eu\/wp-json\/wp\/v2\/pages\/240","targetHints":{"allow":["GET"]}}],"collection":[{"href":"https:\/\/novelahistoricaportugalete.es\/eu\/wp-json\/wp\/v2\/pages"}],"about":[{"href":"https:\/\/novelahistoricaportugalete.es\/eu\/wp-json\/wp\/v2\/types\/page"}],"author":[{"embeddable":true,"href":"https:\/\/novelahistoricaportugalete.es\/eu\/wp-json\/wp\/v2\/users\/1"}],"replies":[{"embeddable":true,"href":"https:\/\/novelahistoricaportugalete.es\/eu\/wp-json\/wp\/v2\/comments?post=240"}],"version-history":[{"count":10,"href":"https:\/\/novelahistoricaportugalete.es\/eu\/wp-json\/wp\/v2\/pages\/240\/revisions"}],"predecessor-version":[{"id":508,"href":"https:\/\/novelahistoricaportugalete.es\/eu\/wp-json\/wp\/v2\/pages\/240\/revisions\/508"}],"wp:featuredmedia":[{"embeddable":true,"href":"https:\/\/novelahistoricaportugalete.es\/eu\/wp-json\/wp\/v2\/media\/215"}],"wp:attachment":[{"href":"https:\/\/novelahistoricaportugalete.es\/eu\/wp-json\/wp\/v2\/media?parent=240"}],"curies":[{"name":"wp","href":"https:\/\/api.w.org\/{rel}","templated":true}]}}